{"id":52,"date":"2021-12-31T21:31:17","date_gmt":"2021-12-31T21:31:17","guid":{"rendered":"https:\/\/import.themovation.com\/bellevue2\/chalet2\/?page_id=1013"},"modified":"2026-05-14T10:12:58","modified_gmt":"2026-05-14T08:12:58","slug":"conditions-generales","status":"publish","type":"page","link":"https:\/\/ladoucemontagne.com\/fr\/terms-conditions\/","title":{"rendered":"Terms &#038; Conditions"},"content":{"rendered":"<div data-elementor-type=\"wp-page\" data-elementor-id=\"52\" class=\"elementor elementor-52\">\n\t\t\t\t\t\t<section class=\"elementor-section elementor-top-section elementor-element elementor-element-5cbc4ea elementor-section-boxed elementor-section-height-default elementor-section-height-default\" data-id=\"5cbc4ea\" data-element_type=\"section\" data-e-type=\"section\">\n\t\t\t\t\t\t<div class=\"elementor-container elementor-column-gap-default\">\n\t\t\t\t\t<div class=\"elementor-column elementor-col-100 elementor-top-column elementor-element elementor-element-4a6e42d\" data-id=\"4a6e42d\" data-element_type=\"column\" data-e-type=\"column\">\n\t\t\t<div class=\"elementor-widget-wrap elementor-element-populated\">\n\t\t\t\t\t\t<div class=\"elementor-element elementor-element-64fc9d9 elementor-view-default elementor-position-top elementor-widget elementor-widget-themo-header\" data-id=\"64fc9d9\" data-element_type=\"widget\" data-e-type=\"widget\" data-widget_type=\"themo-header.default\">\n\t\t\t\t<div class=\"elementor-widget-container\">\n\t\t\t\t\t\t\t<div class=\"th-header-wrap\">\n        <div class=\"elementor-icon-box-wrapper\">\n                            <div class=\"elementor-icon-box-content\">\n                    <h2 class=\"elementor-icon-box-title\">\n                        CONDITIONS<span> G\u00c9N\u00c9RALES<\/span>                    <\/h2>\n                                        <p class=\"elementor-icon-box-description\"><\/p>\n\n                                    <\/div>\n            <\/div>\n\n        <\/div>\n\n\t\t\t\t\t\t<\/div>\n\t\t\t\t<\/div>\n\t\t\t\t\t<\/div>\n\t\t<\/div>\n\t\t\t\t\t<\/div>\n\t\t<\/section>\n\t\t\t\t<section class=\"elementor-section elementor-top-section elementor-element elementor-element-51249cd2 elementor-section-boxed elementor-section-height-default elementor-section-height-default\" data-id=\"51249cd2\" data-element_type=\"section\" data-e-type=\"section\">\n\t\t\t\t\t\t<div class=\"elementor-container elementor-column-gap-default\">\n\t\t\t\t\t<div class=\"elementor-column elementor-col-100 elementor-top-column elementor-element elementor-element-1986d565\" data-id=\"1986d565\" data-element_type=\"column\" data-e-type=\"column\">\n\t\t\t<div class=\"elementor-widget-wrap elementor-element-populated\">\n\t\t\t\t\t\t<div class=\"elementor-element elementor-element-785f39e4 elementor-widget elementor-widget-text-editor\" data-id=\"785f39e4\" data-element_type=\"widget\" data-e-type=\"widget\" data-widget_type=\"text-editor.default\">\n\t\t\t\t<div class=\"elementor-widget-container\">\n\t\t\t\t\t\t\t\t\t<h5><b>R\u00e9servations<\/b><\/h5>\n<p><!-- \/wp:paragraph --><!-- wp:heading --><\/p>\n<p><!-- \/wp:heading --><!-- wp:paragraph --><\/p>\n<p class=\"p1\">D\u00e8s r\u00e9ception de votre demande de r\u00e9servation, nous la traitons et vous envoyons un devis d\u00e9taill\u00e9 par email avec toutes les informations n\u00e9cessaires.<\/p>\n<p class=\"p1\">Une fois votre r\u00e9servation confirm\u00e9e, vous recevrez un r\u00e9capitulatif final de votre s\u00e9jour, qui fera \u00e9galement office de facture.<\/p>\n<p><!-- \/wp:paragraph --><!-- wp:heading --><\/p>\n<h5><b>Paiement<\/b><\/h5>\n<p><!-- \/wp:heading --><!-- wp:paragraph --><\/p>\n<p class=\"p1 translation-block\">Pour confirmer votre r\u00e9servation, un acompte de <\/strong>50 % du montant total <strong>est demand\u00e9. Cet acompte ne pourra \u00eatre rembours\u00e9 que si vous avez souscrit <strong>une assurance annulation<\/strong>.<\/p>\n<p class=\"p1 translation-block\">Le solde doit \u00eatre r\u00e9gl\u00e9 au plus tard <strong>deux semaines avant votre arriv\u00e9e<\/strong>, ou pay\u00e9 directement \u00e0 l\u2019h\u00f4tel lors de l\u2019enregistrement.<\/p>\n<p class=\"p1\">\u00c0 l\u2019h\u00f4tel, nous acceptons les paiements en esp\u00e8ces et par carte bancaire.<\/p>\n<h5><b>Assurance<\/b><\/h5>\n<p><!-- \/wp:heading --><!-- wp:paragraph --><\/p>\n<p class=\"p1 translation-block\">Pour plus de tranquillit\u00e9, nous proposons une <strong>assurance annulation<\/strong> en option au tarif de <strong>16 \u20ac par personne<\/strong>.<\/p>\n<p><!-- \/wp:paragraph --><!-- wp:heading --><\/p>\n<h5><b>Annulation<\/b><\/h5>\n<p><!-- \/wp:heading --><!-- wp:paragraph --><\/p>\n<p class=\"p1 translation-block\">Si vous avez souscrit une assurance annulation et devez annuler votre s\u00e9jour, <strong> des frais d\u2019annulation seront appliqu\u00e9s selon la date d\u2019annulation <\/strong> (de 25 % jusqu\u2019\u00e0 100 % du montant total du s\u00e9jour). Sans assurance annulation, aucun remboursement ne pourra \u00eatre effectu\u00e9 en cas d\u2019annulation.<\/p>\n<p class=\"p1\">\u00a0<\/p>\n<p><!-- \/wp:paragraph --><!-- wp:paragraph --><\/p>\n<p><!-- \/wp:paragraph --><\/p>\t\t\t\t\t\t\t\t<\/div>\n\t\t\t\t<\/div>\n\t\t\t\t\t<\/div>\n\t\t<\/div>\n\t\t\t\t\t<\/div>\n\t\t<\/section>\n\t\t\t\t<section class=\"elementor-section elementor-top-section elementor-element elementor-element-c30176c elementor-section-boxed elementor-section-height-default elementor-section-height-default\" data-id=\"c30176c\" data-element_type=\"section\" data-e-type=\"section\">\n\t\t\t\t\t\t<div class=\"elementor-container elementor-column-gap-default\">\n\t\t\t\t\t<div class=\"elementor-column elementor-col-100 elementor-top-column elementor-element elementor-element-adc2dda\" data-id=\"adc2dda\" data-element_type=\"column\" data-e-type=\"column\">\n\t\t\t<div class=\"elementor-widget-wrap elementor-element-populated\">\n\t\t\t\t\t\t<div class=\"elementor-element elementor-element-253656c elementor-view-default elementor-position-top elementor-widget elementor-widget-themo-header\" data-id=\"253656c\" data-element_type=\"widget\" data-e-type=\"widget\" data-widget_type=\"themo-header.default\">\n\t\t\t\t<div class=\"elementor-widget-container\">\n\t\t\t\t\t\t\t<div class=\"th-header-wrap\">\n        <div class=\"elementor-icon-box-wrapper\">\n                            <div class=\"elementor-icon-box-content\">\n                    <h1 class=\"elementor-icon-box-title\">\n                                            <\/h1>\n                                        <p class=\"elementor-icon-box-description\"><\/p>\n\n                                            <div class=\"th-btn-wrap\">\n                                                            <a class=\"btn-1 btn th-btn btn-standard-accent\" href=\"https:\/\/ladoucemontagne.com\/wp-content\/uploads\/2026\/05\/Annulations-FNL-FR-EN.pdf\" target=\"_blank\">\n                                                                            Politique d'annulation                                                                    <\/a>\n                            \n                                                    <\/div>\n                                    <\/div>\n            <\/div>\n\n        <\/div>\n\n\t\t\t\t\t\t<\/div>\n\t\t\t\t<\/div>\n\t\t\t\t\t<\/div>\n\t\t<\/div>\n\t\t\t\t\t<\/div>\n\t\t<\/section>\n\t\t\t\t<section class=\"elementor-section elementor-top-section elementor-element elementor-element-004fa8e elementor-section-boxed elementor-section-height-default elementor-section-height-default\" data-id=\"004fa8e\" data-element_type=\"section\" data-e-type=\"section\">\n\t\t\t\t\t\t<div class=\"elementor-container elementor-column-gap-default\">\n\t\t\t\t\t<div class=\"elementor-column elementor-col-100 elementor-top-column elementor-element elementor-element-6b40ae3\" data-id=\"6b40ae3\" data-element_type=\"column\" data-e-type=\"column\">\n\t\t\t<div class=\"elementor-widget-wrap elementor-element-populated\">\n\t\t\t\t\t\t\t<\/div>\n\t\t<\/div>\n\t\t\t\t\t<\/div>\n\t\t<\/section>\n\t\t\t\t<\/div>","protected":false},"excerpt":{"rendered":"<p>Terms and conditions Reservations Once we receive your booking request, we will process it and send you a detailed quote by email with all relevant information. When your reservation is confirmed, you will receive a final overview of your stay, &hellip; <a href=\"https:\/\/ladoucemontagne.com\/fr\/terms-conditions\/\">Read More<\/a><\/p>","protected":false},"author":1,"featured_media":0,"parent":0,"menu_order":21,"comment_status":"closed","ping_status":"closed","template":"elementor_canvas","meta":{"footnotes":""},"class_list":["post-52","page","type-page","status-publish","hentry"],"yoast_head":"<!-- This site is optimized with the Yoast SEO plugin v27.6 - https:\/\/yoast.com\/product\/yoast-seo-wordpress\/ -->\n<title>Terms &amp; Conditions - La Douce Montagne<\/title>\n<meta name=\"robots\" content=\"index, follow, max-snippet:-1, max-image-preview:large, max-video-preview:-1\" \/>\n<link rel=\"canonical\" href=\"https:\/\/ladoucemontagne.com\/fr\/conditions-generales\/\" \/>\n<meta property=\"og:locale\" content=\"fr_FR\" \/>\n<meta property=\"og:type\" content=\"article\" \/>\n<meta property=\"og:title\" content=\"Terms &amp; Conditions - La Douce Montagne\" \/>\n<meta property=\"og:description\" content=\"Terms and conditions Reservations Once we receive your booking request, we will process it and send you a detailed quote by email with all relevant information. When your reservation is confirmed, you will receive a final overview of your stay, &hellip; Read More\" \/>\n<meta property=\"og:url\" content=\"https:\/\/ladoucemontagne.com\/fr\/conditions-generales\/\" \/>\n<meta property=\"og:site_name\" content=\"La Douce Montagne\" \/>\n<meta property=\"article:modified_time\" content=\"2026-05-14T08:12:58+00:00\" \/>\n<meta name=\"twitter:card\" content=\"summary_large_image\" \/>\n<meta name=\"twitter:label1\" content=\"Dur\u00e9e de lecture estim\u00e9e\" \/>\n\t<meta name=\"twitter:data1\" content=\"1 minute\" \/>\n<script type=\"application\/ld+json\" class=\"yoast-schema-graph\">{\"@context\":\"https:\\\/\\\/schema.org\",\"@graph\":[{\"@type\":\"WebPage\",\"@id\":\"https:\\\/\\\/ladoucemontagne.com\\\/terms-conditions\\\/\",\"url\":\"https:\\\/\\\/ladoucemontagne.com\\\/terms-conditions\\\/\",\"name\":\"Terms & Conditions - La Douce Montagne\",\"isPartOf\":{\"@id\":\"https:\\\/\\\/ladoucemontagne.com\\\/#website\"},\"datePublished\":\"2021-12-31T21:31:17+00:00\",\"dateModified\":\"2026-05-14T08:12:58+00:00\",\"breadcrumb\":{\"@id\":\"https:\\\/\\\/ladoucemontagne.com\\\/terms-conditions\\\/#breadcrumb\"},\"inLanguage\":\"fr-FR\",\"potentialAction\":[{\"@type\":\"ReadAction\",\"target\":[\"https:\\\/\\\/ladoucemontagne.com\\\/terms-conditions\\\/\"]}]},{\"@type\":\"BreadcrumbList\",\"@id\":\"https:\\\/\\\/ladoucemontagne.com\\\/terms-conditions\\\/#breadcrumb\",\"itemListElement\":[{\"@type\":\"ListItem\",\"position\":1,\"name\":\"Home\",\"item\":\"https:\\\/\\\/ladoucemontagne.com\\\/\"},{\"@type\":\"ListItem\",\"position\":2,\"name\":\"Terms &#038; Conditions\"}]},{\"@type\":\"WebSite\",\"@id\":\"https:\\\/\\\/ladoucemontagne.com\\\/#website\",\"url\":\"https:\\\/\\\/ladoucemontagne.com\\\/\",\"name\":\"La Douce Montagne\",\"description\":\"Hotel Restaurant Bar\",\"publisher\":{\"@id\":\"https:\\\/\\\/ladoucemontagne.com\\\/#organization\"},\"potentialAction\":[{\"@type\":\"SearchAction\",\"target\":{\"@type\":\"EntryPoint\",\"urlTemplate\":\"https:\\\/\\\/ladoucemontagne.com\\\/?s={search_term_string}\"},\"query-input\":{\"@type\":\"PropertyValueSpecification\",\"valueRequired\":true,\"valueName\":\"search_term_string\"}}],\"inLanguage\":\"fr-FR\"},{\"@type\":\"Organization\",\"@id\":\"https:\\\/\\\/ladoucemontagne.com\\\/#organization\",\"name\":\"La Douce Montagne\",\"url\":\"https:\\\/\\\/ladoucemontagne.com\\\/\",\"logo\":{\"@type\":\"ImageObject\",\"inLanguage\":\"fr-FR\",\"@id\":\"https:\\\/\\\/ladoucemontagne.com\\\/#\\\/schema\\\/logo\\\/image\\\/\",\"url\":\"https:\\\/\\\/ladoucemontagne.com\\\/wp-content\\\/uploads\\\/2026\\\/01\\\/cropped-Logo-La-Douce-Montagne-No-Tagline-Colors.png\",\"contentUrl\":\"https:\\\/\\\/ladoucemontagne.com\\\/wp-content\\\/uploads\\\/2026\\\/01\\\/cropped-Logo-La-Douce-Montagne-No-Tagline-Colors.png\",\"width\":969,\"height\":249,\"caption\":\"La Douce Montagne\"},\"image\":{\"@id\":\"https:\\\/\\\/ladoucemontagne.com\\\/#\\\/schema\\\/logo\\\/image\\\/\"}}]}<\/script>\n<!-- \/ Yoast SEO plugin. -->","yoast_head_json":{"title":"Terms & Conditions - La Douce Montagne","robots":{"index":"index","follow":"follow","max-snippet":"max-snippet:-1","max-image-preview":"max-image-preview:large","max-video-preview":"max-video-preview:-1"},"canonical":"https:\/\/ladoucemontagne.com\/fr\/conditions-generales\/","og_locale":"fr_FR","og_type":"article","og_title":"Terms & Conditions - La Douce Montagne","og_description":"Terms and conditions Reservations Once we receive your booking request, we will process it and send you a detailed quote by email with all relevant information. When your reservation is confirmed, you will receive a final overview of your stay, &hellip; Read More","og_url":"https:\/\/ladoucemontagne.com\/fr\/conditions-generales\/","og_site_name":"La Douce Montagne","article_modified_time":"2026-05-14T08:12:58+00:00","twitter_card":"summary_large_image","twitter_misc":{"Dur\u00e9e de lecture estim\u00e9e":"1 minute"},"schema":{"@context":"https:\/\/schema.org","@graph":[{"@type":"WebPage","@id":"https:\/\/ladoucemontagne.com\/terms-conditions\/","url":"https:\/\/ladoucemontagne.com\/terms-conditions\/","name":"Terms & Conditions - La Douce Montagne","isPartOf":{"@id":"https:\/\/ladoucemontagne.com\/#website"},"datePublished":"2021-12-31T21:31:17+00:00","dateModified":"2026-05-14T08:12:58+00:00","breadcrumb":{"@id":"https:\/\/ladoucemontagne.com\/terms-conditions\/#breadcrumb"},"inLanguage":"fr-FR","potentialAction":[{"@type":"ReadAction","target":["https:\/\/ladoucemontagne.com\/terms-conditions\/"]}]},{"@type":"BreadcrumbList","@id":"https:\/\/ladoucemontagne.com\/terms-conditions\/#breadcrumb","itemListElement":[{"@type":"ListItem","position":1,"name":"Home","item":"https:\/\/ladoucemontagne.com\/"},{"@type":"ListItem","position":2,"name":"Terms &#038; Conditions"}]},{"@type":"WebSite","@id":"https:\/\/ladoucemontagne.com\/#website","url":"https:\/\/ladoucemontagne.com\/","name":"La Douce Montagne","description":"H\u00f4tel Restaurant Bar","publisher":{"@id":"https:\/\/ladoucemontagne.com\/#organization"},"potentialAction":[{"@type":"SearchAction","target":{"@type":"EntryPoint","urlTemplate":"https:\/\/ladoucemontagne.com\/?s={search_term_string}"},"query-input":{"@type":"PropertyValueSpecification","valueRequired":true,"valueName":"search_term_string"}}],"inLanguage":"fr-FR"},{"@type":"Organization","@id":"https:\/\/ladoucemontagne.com\/#organization","name":"La Douce Montagne","url":"https:\/\/ladoucemontagne.com\/","logo":{"@type":"ImageObject","inLanguage":"fr-FR","@id":"https:\/\/ladoucemontagne.com\/#\/schema\/logo\/image\/","url":"https:\/\/ladoucemontagne.com\/wp-content\/uploads\/2026\/01\/cropped-Logo-La-Douce-Montagne-No-Tagline-Colors.png","contentUrl":"https:\/\/ladoucemontagne.com\/wp-content\/uploads\/2026\/01\/cropped-Logo-La-Douce-Montagne-No-Tagline-Colors.png","width":969,"height":249,"caption":"La Douce Montagne"},"image":{"@id":"https:\/\/ladoucemontagne.com\/#\/schema\/logo\/image\/"}}]}},"_links":{"self":[{"href":"https:\/\/ladoucemontagne.com\/fr\/wp-json\/wp\/v2\/pages\/52","targetHints":{"allow":["GET"]}}],"collection":[{"href":"https:\/\/ladoucemontagne.com\/fr\/wp-json\/wp\/v2\/pages"}],"about":[{"href":"https:\/\/ladoucemontagne.com\/fr\/wp-json\/wp\/v2\/types\/page"}],"author":[{"embeddable":true,"href":"https:\/\/ladoucemontagne.com\/fr\/wp-json\/wp\/v2\/users\/1"}],"replies":[{"embeddable":true,"href":"https:\/\/ladoucemontagne.com\/fr\/wp-json\/wp\/v2\/comments?post=52"}],"version-history":[{"count":25,"href":"https:\/\/ladoucemontagne.com\/fr\/wp-json\/wp\/v2\/pages\/52\/revisions"}],"predecessor-version":[{"id":1793,"href":"https:\/\/ladoucemontagne.com\/fr\/wp-json\/wp\/v2\/pages\/52\/revisions\/1793"}],"wp:attachment":[{"href":"https:\/\/ladoucemontagne.com\/fr\/wp-json\/wp\/v2\/media?parent=52"}],"curies":[{"name":"wp","href":"https:\/\/api.w.org\/{rel}","templated":true}]}}