{"id":53,"date":"2021-12-31T21:31:03","date_gmt":"2021-12-31T21:31:03","guid":{"rendered":"https:\/\/import.themovation.com\/bellevue2\/chalet2\/?page_id=1011"},"modified":"2026-05-14T12:06:42","modified_gmt":"2026-05-14T10:06:42","slug":"reservation","status":"publish","type":"page","link":"https:\/\/ladoucemontagne.com\/fr\/booking\/","title":{"rendered":"R\u00e9servation"},"content":{"rendered":"\t\t<div data-elementor-type=\"wp-page\" data-elementor-id=\"53\" class=\"elementor elementor-53\">\n\t\t\t\t\t\t<section class=\"elementor-section elementor-top-section elementor-element elementor-element-2e552298 elementor-section-height-min-height elementor-section-boxed elementor-section-height-default elementor-section-items-middle\" data-id=\"2e552298\" data-element_type=\"section\" data-e-type=\"section\" data-settings=\"{&quot;background_background&quot;:&quot;classic&quot;}\">\n\t\t\t\t\t\t\t<div class=\"elementor-background-overlay\"><\/div>\n\t\t\t\t\t\t\t<div class=\"elementor-container elementor-column-gap-default\">\n\t\t\t\t\t<div class=\"elementor-column elementor-col-100 elementor-top-column elementor-element elementor-element-317304fc\" data-id=\"317304fc\" data-element_type=\"column\" data-e-type=\"column\">\n\t\t\t<div class=\"elementor-widget-wrap elementor-element-populated\">\n\t\t\t\t\t\t<div class=\"elementor-element elementor-element-4d51c226 elementor-view-default elementor-position-top elementor-widget elementor-widget-themo-header\" data-id=\"4d51c226\" data-element_type=\"widget\" data-e-type=\"widget\" data-widget_type=\"themo-header.default\">\n\t\t\t\t<div class=\"elementor-widget-container\">\n\t\t\t\t\t\t\t<div class=\"th-header-wrap\">\n        <div class=\"elementor-icon-box-wrapper \">\n                            <div class=\"elementor-icon-box-content\">\n                    <h1 class=\"elementor-icon-box-title\">\n                        BOOKING REQUEST FORM                    <\/h1>\n                                            <span class=\"th-header-divider\"><\/span>\n                                        <p class=\"elementor-icon-box-description\">Book your stay at La Douce Montagne in Allemond, near Alpe d\u2019Huez. Comfortable rooms, great food, and a relaxed atmosphere for cyclists, skiers, and families.<\/p>\n\n                                    <\/div>\n            <\/div>\n\n        <\/div>\n\n\t\t\t\t\t\t<\/div>\n\t\t\t\t<\/div>\n\t\t\t\t\t<\/div>\n\t\t<\/div>\n\t\t\t\t\t<\/div>\n\t\t<\/section>\n\t\t\t\t<section class=\"elementor-section elementor-top-section elementor-element elementor-element-0e2699e elementor-section-boxed elementor-section-height-default elementor-section-height-default\" data-id=\"0e2699e\" data-element_type=\"section\" data-e-type=\"section\">\n\t\t\t\t\t\t<div class=\"elementor-container elementor-column-gap-default\">\n\t\t\t\t\t<div class=\"elementor-column elementor-col-100 elementor-top-column elementor-element elementor-element-a12a11d\" data-id=\"a12a11d\" data-element_type=\"column\" data-e-type=\"column\">\n\t\t\t<div class=\"elementor-widget-wrap elementor-element-populated\">\n\t\t\t\t\t\t<div class=\"elementor-element elementor-element-fa7bedb elementor-widget elementor-widget-text-editor\" data-id=\"fa7bedb\" data-element_type=\"widget\" data-e-type=\"widget\" data-widget_type=\"text-editor.default\">\n\t\t\t\t<div class=\"elementor-widget-container\">\n\t\t\t\t\t\t\t\t\t<p><strong>If your pre-booking has already been approved, please click on the button below to pay the deposit for your stay.<\/strong><\/p>\t\t\t\t\t\t\t\t<\/div>\n\t\t\t\t<\/div>\n\t\t\t\t\t<\/div>\n\t\t<\/div>\n\t\t\t\t\t<\/div>\n\t\t<\/section>\n\t\t\t\t<section class=\"elementor-section elementor-top-section elementor-element elementor-element-a789d55 elementor-section-boxed elementor-section-height-default elementor-section-height-default\" data-id=\"a789d55\" data-element_type=\"section\" data-e-type=\"section\">\n\t\t\t\t\t\t<div class=\"elementor-container elementor-column-gap-default\">\n\t\t\t\t\t<div class=\"elementor-column elementor-col-100 elementor-top-column elementor-element elementor-element-32b16c2\" data-id=\"32b16c2\" data-element_type=\"column\" data-e-type=\"column\">\n\t\t\t<div class=\"elementor-widget-wrap elementor-element-populated\">\n\t\t\t\t\t\t<div class=\"elementor-element elementor-element-e9528ff elementor-view-default elementor-position-top elementor-widget elementor-widget-themo-header\" data-id=\"e9528ff\" data-element_type=\"widget\" data-e-type=\"widget\" data-widget_type=\"themo-header.default\">\n\t\t\t\t<div class=\"elementor-widget-container\">\n\t\t\t\t\t\t\t<div class=\"th-header-wrap\">\n        <div class=\"elementor-icon-box-wrapper \">\n                            <div class=\"elementor-icon-box-content\">\n                    <h1 class=\"elementor-icon-box-title\">\n                                            <\/h1>\n                                        <p class=\"elementor-icon-box-description\"><\/p>\n\n                                            <div class=\"th-btn-wrap\">\n                                                            <a class=\"btn-1 btn th-btn btn-standard-accent\" href=\"\/your-booking\" target=\"_blank\">\n                                                                            Pay your deposit                                                                    <\/a>\n                            \n                                                    <\/div>\n                                    <\/div>\n            <\/div>\n\n        <\/div>\n\n\t\t\t\t\t\t<\/div>\n\t\t\t\t<\/div>\n\t\t\t\t\t<\/div>\n\t\t<\/div>\n\t\t\t\t\t<\/div>\n\t\t<\/section>\n\t\t\t\t<section class=\"elementor-section elementor-top-section elementor-element elementor-element-807794d elementor-section-boxed elementor-section-height-default elementor-section-height-default\" data-id=\"807794d\" data-element_type=\"section\" data-e-type=\"section\">\n\t\t\t\t\t\t<div class=\"elementor-container elementor-column-gap-default\">\n\t\t\t\t\t<div class=\"elementor-column elementor-col-100 elementor-top-column elementor-element elementor-element-0d0f30b\" data-id=\"0d0f30b\" data-element_type=\"column\" data-e-type=\"column\">\n\t\t\t<div class=\"elementor-widget-wrap elementor-element-populated\">\n\t\t\t\t\t\t<div class=\"elementor-element elementor-element-a926805 elementor-widget elementor-widget-text-editor\" data-id=\"a926805\" data-element_type=\"widget\" data-e-type=\"widget\" data-widget_type=\"text-editor.default\">\n\t\t\t\t<div class=\"elementor-widget-container\">\n\t\t\t\t\t\t\t\t\t<p><strong>Otherwise, please fill-up the form below and we will get back to you very soon.<\/strong><\/p>\t\t\t\t\t\t\t\t<\/div>\n\t\t\t\t<\/div>\n\t\t\t\t\t<\/div>\n\t\t<\/div>\n\t\t\t\t\t<\/div>\n\t\t<\/section>\n\t\t\t\t<section class=\"elementor-section elementor-top-section elementor-element elementor-element-b6231cf elementor-section-boxed elementor-section-height-default elementor-section-height-default\" data-id=\"b6231cf\" data-element_type=\"section\" data-e-type=\"section\">\n\t\t\t\t\t\t<div class=\"elementor-container elementor-column-gap-default\">\n\t\t\t\t\t<div class=\"elementor-column elementor-col-100 elementor-top-column elementor-element elementor-element-aad1b8f\" data-id=\"aad1b8f\" data-element_type=\"column\" data-e-type=\"column\">\n\t\t\t<div class=\"elementor-widget-wrap elementor-element-populated\">\n\t\t\t\t\t\t<div class=\"elementor-element elementor-element-cad9052 elementor-widget elementor-widget-wpforms\" data-id=\"cad9052\" data-element_type=\"widget\" data-e-type=\"widget\" data-widget_type=\"wpforms.default\">\n\t\t\t\t<div class=\"elementor-widget-container\">\n\t\t\t\t\t<div class=\"wpforms-container wpforms-container-full wpforms-render-modern\" id=\"wpforms-1443\"><form id=\"wpforms-form-1443\" class=\"wpforms-validate wpforms-form wpforms-ajax-form\" data-formid=\"1443\" method=\"post\" enctype=\"multipart\/form-data\" action=\"\/fr\/wp-json\/wp\/v2\/pages\/53\" data-token=\"973d915956f6c60769888ecf3a12ef5e\" data-token-time=\"1778759994\"><noscript class=\"wpforms-error-noscript\">Veuillez activer JavaScript dans votre navigateur pour remplir ce formulaire.<\/noscript><div id=\"wpforms-error-noscript\" style=\"display: none;\">Veuillez activer JavaScript dans votre navigateur pour remplir ce formulaire.<\/div><div class=\"wpforms-field-container\"><div id=\"wpforms-1443-field_0-container\" class=\"wpforms-field wpforms-field-name\" data-field-id=\"0\"><fieldset><legend class=\"wpforms-field-label\">Name <span class=\"wpforms-required-label\" aria-hidden=\"true\">*<\/span><\/legend><div class=\"wpforms-field-row wpforms-field-medium\"><div class=\"wpforms-field-row-block wpforms-first wpforms-one-half\"><input type=\"text\" id=\"wpforms-1443-field_0\" class=\"wpforms-field-name-first wpforms-field-required\" name=\"wpforms[fields][0][first]\" aria-errormessage=\"wpforms-1443-field_0-error\" required><label for=\"wpforms-1443-field_0\" class=\"wpforms-field-sublabel after\">Pr\u00e9nom<\/label><\/div><div class=\"wpforms-field-row-block wpforms-one-half\"><input type=\"text\" id=\"wpforms-1443-field_0-last\" class=\"wpforms-field-name-last wpforms-field-required\" name=\"wpforms[fields][0][last]\" aria-errormessage=\"wpforms-1443-field_0-last-error\" required><label for=\"wpforms-1443-field_0-last\" class=\"wpforms-field-sublabel after\">Nom<\/label><\/div><\/div><\/fieldset><\/div><div id=\"wpforms-1443-field_1-container\" class=\"wpforms-field wpforms-field-email\" data-field-id=\"1\"><label class=\"wpforms-field-label\" for=\"wpforms-1443-field_1\">Email <span class=\"wpforms-required-label\" aria-hidden=\"true\">*<\/span><\/label><input type=\"email\" id=\"wpforms-1443-field_1\" class=\"wpforms-field-medium wpforms-field-required\" name=\"wpforms[fields][1]\" spellcheck=\"false\" aria-errormessage=\"wpforms-1443-field_1-error\" required><\/div>\t\t<div id=\"wpforms-1443-field_2-container\"\n\t\t\tclass=\"wpforms-field wpforms-field-text\"\n\t\t\tdata-field-type=\"text\"\n\t\t\tdata-field-id=\"2\"\n\t\t\t>\n\t\t\t<label class=\"wpforms-field-label\" for=\"wpforms-1443-field_2\" >Email Your Dates<\/label>\n\t\t\t<input type=\"text\" id=\"wpforms-1443-field_2\" class=\"wpforms-field-medium\" name=\"wpforms[fields][2]\" >\n\t\t<\/div>\n\t\t<div id=\"wpforms-1443-field_17-container\" class=\"wpforms-field wpforms-field-phone\" data-field-id=\"17\"><label class=\"wpforms-field-label\" for=\"wpforms-1443-field_17\">Phone<\/label><input type=\"tel\" id=\"wpforms-1443-field_17\" class=\"wpforms-field-medium wpforms-smart-phone-field\" data-rule-smart-phone-field=\"true\" name=\"wpforms[fields][17]\" aria-label=\"Phone\" aria-errormessage=\"wpforms-1443-field_17-error\" ><\/div><div id=\"wpforms-1443-field_5-container\" class=\"wpforms-field wpforms-field-divider\" data-field-id=\"5\"><h3 id=\"wpforms-1443-field_5\" aria-errormessage=\"wpforms-1443-field_5-error\">Your Booking<\/h3><\/div><div id=\"wpforms-1443-field_3-container\" class=\"wpforms-field wpforms-field-date-time\" data-field-id=\"3\"><label class=\"wpforms-field-label\" for=\"wpforms-1443-field_3\">Dates <span class=\"wpforms-required-label\" aria-hidden=\"true\">*<\/span><\/label><div class=\"wpforms-datepicker-wrap\"><input type=\"text\" id=\"wpforms-1443-field_3\" class=\"wpforms-field-date-time-date wpforms-datepicker wpforms-field-required wpforms-field-small\" data-date-format=\"d\/m\/Y\" data-disable-past-dates=\"1\" data-disable-todays-date=\"0\" data-input=\"true\" name=\"wpforms[fields][3][date]\" aria-errormessage=\"wpforms-1443-field_3-error\" required><a title=\"Effacer la date\" data-clear role=\"button\" tabindex=\"0\" class=\"wpforms-datepicker-clear\" aria-label=\"Effacer la date\" style=\"display:none;\"><\/a><\/div><\/div><div id=\"wpforms-1443-field_26-container\" class=\"wpforms-field wpforms-field-number\" data-field-id=\"26\"><label class=\"wpforms-field-label\" for=\"wpforms-1443-field_26\">Numbers of guests<\/label><input type=\"number\" id=\"wpforms-1443-field_26\" class=\"wpforms-field-small\" name=\"wpforms[fields][26]\" min=\"1\" max=\"40\" step=\"any\" aria-errormessage=\"wpforms-1443-field_26-error\" ><\/div><div id=\"wpforms-1443-field_23-container\" class=\"wpforms-field wpforms-field-textarea\" data-field-id=\"23\"><label class=\"wpforms-field-label\" for=\"wpforms-1443-field_23\">Comments<\/label><textarea id=\"wpforms-1443-field_23\" class=\"wpforms-field-medium\" name=\"wpforms[fields][23]\" aria-errormessage=\"wpforms-1443-field_23-error\" ><\/textarea><\/div><div id=\"wpforms-1443-field_13-container\" class=\"wpforms-field wpforms-field-divider\" data-field-id=\"13\"><h3 id=\"wpforms-1443-field_13\" aria-errormessage=\"wpforms-1443-field_13-error\" aria-describedby=\"wpforms-1443-field_13-description\">Deposit<\/h3><div id=\"wpforms-1443-field_13-description\" class=\"wpforms-field-description\">A deposit is required to secure your booking. If your desired dates are not available, we will send a full refund.\n\n<\/div><\/div><div id=\"wpforms-1443-field_25-container\" class=\"wpforms-field wpforms-field-divider\" data-field-id=\"25\"><h3 id=\"wpforms-1443-field_25\" aria-errormessage=\"wpforms-1443-field_25-error\" aria-describedby=\"wpforms-1443-field_25-description\">Reservation request<\/h3><div id=\"wpforms-1443-field_25-description\" class=\"wpforms-field-description\">This is a reservation request, not a final booking. If availability is confirmed, you will receive a booking confirmation request from us, including a request for a deposit to finalize your reservation.\n\n\n\n<\/div><\/div><div id=\"wpforms-1443-field_27-container\" class=\"wpforms-field wpforms-field-divider\" data-field-id=\"27\"><\/div><div id=\"wpforms-1443-field_24-container\" class=\"wpforms-field wpforms-field-captcha wpforms-one-half\" data-field-id=\"24\"><label class=\"wpforms-field-label\" for=\"wpforms-1443-field_24\">Custom Captcha <span class=\"wpforms-required-label\" aria-hidden=\"true\">*<\/span><\/label><p id=\"wpforms-1443-field_24-question\" class=\"wpforms-captcha-question\">What is 7+4?<\/p>\n\t\t<input type=\"text\" id=\"wpforms-1443-field_24\" class=\"wpforms-field-small wpforms-field-required a\" data-rule-wpf-captcha=\"qa\" data-is-wrapped-field=\"1\" data-a=\"11\" name=\"wpforms[fields][24][a]\" aria-errormessage=\"wpforms-1443-field_24-error\" aria-describedby=\"wpforms-1443-field_24-question\" required>\n\t\t<input type=\"hidden\" name=\"wpforms[fields][24][q]\" value=\"1\">\n\n\t\t<\/div><script>\n\t\t\t\t( function() {\n\t\t\t\t\tconst style = document.createElement( 'style' );\n\t\t\t\t\tstyle.appendChild( document.createTextNode( '#wpforms-1443-field_2-container { position: absolute !important; overflow: hidden !important; display: inline !important; height: 1px !important; width: 1px !important; z-index: -1000 !important; padding: 0 !important; } #wpforms-1443-field_2-container input { visibility: hidden; } #wpforms-conversational-form-page #wpforms-1443-field_2-container label { counter-increment: none; }' ) );\n\t\t\t\t\tdocument.head.appendChild( style );\n\t\t\t\t\tdocument.currentScript?.remove();\n\t\t\t\t} )();\n\t\t\t<\/script><\/div><!-- .wpforms-field-container --><div class=\"wpforms-submit-container\" ><input type=\"hidden\" name=\"wpforms[id]\" value=\"1443\"><input type=\"hidden\" name=\"page_title\" value=\"\"><input type=\"hidden\" name=\"page_url\" value=\"https:\/\/ladoucemontagne.com\/fr\/wp-json\/wp\/v2\/pages\/53\"><input type=\"hidden\" name=\"url_referer\" value=\"\"><button type=\"submit\" name=\"wpforms[submit]\" id=\"wpforms-submit-1443\" class=\"wpforms-submit\" data-alt-text=\"Sending\u2026\" data-submit-text=\"Submit\" aria-live=\"assertive\" value=\"wpforms-submit\">Submit<\/button><img decoding=\"async\" src=\"https:\/\/ladoucemontagne.com\/wp-content\/plugins\/wpforms\/assets\/images\/submit-spin.svg\" class=\"wpforms-submit-spinner\" style=\"display: none;\" width=\"26\" height=\"26\" alt=\"Chargement en cours\"><\/div><\/form><\/div>  <!-- .wpforms-container -->\t\t\t\t<\/div>\n\t\t\t\t<\/div>\n\t\t\t\t\t<\/div>\n\t\t<\/div>\n\t\t\t\t\t<\/div>\n\t\t<\/section>\n\t\t\t\t<\/div>\n\t\t","protected":false},"excerpt":{"rendered":"<p>BOOKING REQUEST FORM Book your stay at La Douce Montagne in Allemond, near Alpe d\u2019Huez. Comfortable rooms, great food, and a relaxed atmosphere for cyclists, skiers, and families. If your pre-booking has already been approved, please click on the button &hellip; <a href=\"https:\/\/ladoucemontagne.com\/fr\/booking\/\">Read More<\/a><\/p>","protected":false},"author":1,"featured_media":0,"parent":0,"menu_order":22,"comment_status":"closed","ping_status":"closed","template":"","meta":{"footnotes":""},"class_list":["post-53","page","type-page","status-publish","hentry"],"yoast_head":"<!-- This site is optimized with the Yoast SEO plugin v27.6 - https:\/\/yoast.com\/product\/yoast-seo-wordpress\/ -->\n<title>Booking - La Douce Montagne<\/title>\n<meta name=\"description\" content=\"Book your stay at La Douce Montagne in Allemond, near Alpe d\u2019Huez. Comfortable rooms, great food, and a relaxed atmosphere for cyclists, skiers, and families.\" \/>\n<meta name=\"robots\" content=\"index, follow, max-snippet:-1, max-image-preview:large, max-video-preview:-1\" \/>\n<link rel=\"canonical\" href=\"https:\/\/ladoucemontagne.com\/fr\/reservation\/\" \/>\n<meta property=\"og:locale\" content=\"fr_FR\" \/>\n<meta property=\"og:type\" content=\"article\" \/>\n<meta property=\"og:title\" content=\"Booking - La Douce Montagne\" \/>\n<meta property=\"og:description\" content=\"Book your stay at La Douce Montagne in Allemond, near Alpe d\u2019Huez. Comfortable rooms, great food, and a relaxed atmosphere for cyclists, skiers, and families.\" \/>\n<meta property=\"og:url\" content=\"https:\/\/ladoucemontagne.com\/fr\/reservation\/\" \/>\n<meta property=\"og:site_name\" content=\"La Douce Montagne\" \/>\n<meta property=\"article:modified_time\" content=\"2026-05-14T10:06:42+00:00\" \/>\n<meta property=\"og:image\" content=\"https:\/\/ladoucemontagne.com\/wp-content\/plugins\/wpforms\/assets\/images\/submit-spin.svg\" \/>\n<meta name=\"twitter:card\" content=\"summary_large_image\" \/>\n<meta name=\"twitter:label1\" content=\"Dur\u00e9e de lecture estim\u00e9e\" \/>\n\t<meta name=\"twitter:data1\" content=\"1 minute\" \/>\n<script type=\"application\/ld+json\" class=\"yoast-schema-graph\">{\"@context\":\"https:\\\/\\\/schema.org\",\"@graph\":[{\"@type\":\"WebPage\",\"@id\":\"https:\\\/\\\/ladoucemontagne.com\\\/booking\\\/\",\"url\":\"https:\\\/\\\/ladoucemontagne.com\\\/booking\\\/\",\"name\":\"Booking - La Douce Montagne\",\"isPartOf\":{\"@id\":\"https:\\\/\\\/ladoucemontagne.com\\\/#website\"},\"primaryImageOfPage\":{\"@id\":\"https:\\\/\\\/ladoucemontagne.com\\\/booking\\\/#primaryimage\"},\"image\":{\"@id\":\"https:\\\/\\\/ladoucemontagne.com\\\/booking\\\/#primaryimage\"},\"thumbnailUrl\":\"https:\\\/\\\/ladoucemontagne.com\\\/wp-content\\\/plugins\\\/wpforms\\\/assets\\\/images\\\/submit-spin.svg\",\"datePublished\":\"2021-12-31T21:31:03+00:00\",\"dateModified\":\"2026-05-14T10:06:42+00:00\",\"description\":\"Book your stay at La Douce Montagne in Allemond, near Alpe d\u2019Huez. Comfortable rooms, great food, and a relaxed atmosphere for cyclists, skiers, and families.\",\"breadcrumb\":{\"@id\":\"https:\\\/\\\/ladoucemontagne.com\\\/booking\\\/#breadcrumb\"},\"inLanguage\":\"fr-FR\",\"potentialAction\":[{\"@type\":\"ReadAction\",\"target\":[\"https:\\\/\\\/ladoucemontagne.com\\\/booking\\\/\"]}]},{\"@type\":\"ImageObject\",\"inLanguage\":\"fr-FR\",\"@id\":\"https:\\\/\\\/ladoucemontagne.com\\\/booking\\\/#primaryimage\",\"url\":\"https:\\\/\\\/ladoucemontagne.com\\\/wp-content\\\/plugins\\\/wpforms\\\/assets\\\/images\\\/submit-spin.svg\",\"contentUrl\":\"https:\\\/\\\/ladoucemontagne.com\\\/wp-content\\\/plugins\\\/wpforms\\\/assets\\\/images\\\/submit-spin.svg\"},{\"@type\":\"BreadcrumbList\",\"@id\":\"https:\\\/\\\/ladoucemontagne.com\\\/booking\\\/#breadcrumb\",\"itemListElement\":[{\"@type\":\"ListItem\",\"position\":1,\"name\":\"Home\",\"item\":\"https:\\\/\\\/ladoucemontagne.com\\\/\"},{\"@type\":\"ListItem\",\"position\":2,\"name\":\"Booking\"}]},{\"@type\":\"WebSite\",\"@id\":\"https:\\\/\\\/ladoucemontagne.com\\\/#website\",\"url\":\"https:\\\/\\\/ladoucemontagne.com\\\/\",\"name\":\"La Douce Montagne\",\"description\":\"Hotel Restaurant Bar\",\"publisher\":{\"@id\":\"https:\\\/\\\/ladoucemontagne.com\\\/#organization\"},\"potentialAction\":[{\"@type\":\"SearchAction\",\"target\":{\"@type\":\"EntryPoint\",\"urlTemplate\":\"https:\\\/\\\/ladoucemontagne.com\\\/?s={search_term_string}\"},\"query-input\":{\"@type\":\"PropertyValueSpecification\",\"valueRequired\":true,\"valueName\":\"search_term_string\"}}],\"inLanguage\":\"fr-FR\"},{\"@type\":\"Organization\",\"@id\":\"https:\\\/\\\/ladoucemontagne.com\\\/#organization\",\"name\":\"La Douce Montagne\",\"url\":\"https:\\\/\\\/ladoucemontagne.com\\\/\",\"logo\":{\"@type\":\"ImageObject\",\"inLanguage\":\"fr-FR\",\"@id\":\"https:\\\/\\\/ladoucemontagne.com\\\/#\\\/schema\\\/logo\\\/image\\\/\",\"url\":\"https:\\\/\\\/ladoucemontagne.com\\\/wp-content\\\/uploads\\\/2026\\\/01\\\/cropped-Logo-La-Douce-Montagne-No-Tagline-Colors.png\",\"contentUrl\":\"https:\\\/\\\/ladoucemontagne.com\\\/wp-content\\\/uploads\\\/2026\\\/01\\\/cropped-Logo-La-Douce-Montagne-No-Tagline-Colors.png\",\"width\":969,\"height\":249,\"caption\":\"La Douce Montagne\"},\"image\":{\"@id\":\"https:\\\/\\\/ladoucemontagne.com\\\/#\\\/schema\\\/logo\\\/image\\\/\"}}]}<\/script>\n<!-- \/ Yoast SEO plugin. -->","yoast_head_json":{"title":"R\u00e9servation - La Douce Montagne","description":"R\u00e9servez votre s\u00e9jour \u00e0 <strong>La Douce Montagne<\/strong>, pr\u00e8s de <strong>l\u2019Alpe d\u2019Huez<\/strong>. Nous vous r\u00e9pondrons rapidement avec une offre personnalis\u00e9e.","robots":{"index":"index","follow":"follow","max-snippet":"max-snippet:-1","max-image-preview":"max-image-preview:large","max-video-preview":"max-video-preview:-1"},"canonical":"https:\/\/ladoucemontagne.com\/fr\/reservation\/","og_locale":"fr_FR","og_type":"article","og_title":"Booking - La Douce Montagne","og_description":"Book your stay at La Douce Montagne in Allemond, near Alpe d\u2019Huez. Comfortable rooms, great food, and a relaxed atmosphere for cyclists, skiers, and families.","og_url":"https:\/\/ladoucemontagne.com\/fr\/reservation\/","og_site_name":"La Douce Montagne","article_modified_time":"2026-05-14T10:06:42+00:00","og_image":[{"url":"https:\/\/ladoucemontagne.com\/wp-content\/plugins\/wpforms\/assets\/images\/submit-spin.svg","type":"","width":"","height":""}],"twitter_card":"summary_large_image","twitter_misc":{"Dur\u00e9e de lecture estim\u00e9e":"1 minute"},"schema":{"@context":"https:\/\/schema.org","@graph":[{"@type":"WebPage","@id":"https:\/\/ladoucemontagne.com\/booking\/","url":"https:\/\/ladoucemontagne.com\/booking\/","name":"R\u00e9servation - La Douce Montagne","isPartOf":{"@id":"https:\/\/ladoucemontagne.com\/#website"},"primaryImageOfPage":{"@id":"https:\/\/ladoucemontagne.com\/booking\/#primaryimage"},"image":{"@id":"https:\/\/ladoucemontagne.com\/booking\/#primaryimage"},"thumbnailUrl":"https:\/\/ladoucemontagne.com\/wp-content\/plugins\/wpforms\/assets\/images\/submit-spin.svg","datePublished":"2021-12-31T21:31:03+00:00","dateModified":"2026-05-14T10:06:42+00:00","description":"R\u00e9servez votre s\u00e9jour \u00e0 <strong>La Douce Montagne<\/strong>, pr\u00e8s de <strong>l\u2019Alpe d\u2019Huez<\/strong>. Nous vous r\u00e9pondrons rapidement avec une offre personnalis\u00e9e.","breadcrumb":{"@id":"https:\/\/ladoucemontagne.com\/booking\/#breadcrumb"},"inLanguage":"fr-FR","potentialAction":[{"@type":"ReadAction","target":["https:\/\/ladoucemontagne.com\/booking\/"]}]},{"@type":"ImageObject","inLanguage":"fr-FR","@id":"https:\/\/ladoucemontagne.com\/booking\/#primaryimage","url":"https:\/\/ladoucemontagne.com\/wp-content\/plugins\/wpforms\/assets\/images\/submit-spin.svg","contentUrl":"https:\/\/ladoucemontagne.com\/wp-content\/plugins\/wpforms\/assets\/images\/submit-spin.svg"},{"@type":"BreadcrumbList","@id":"https:\/\/ladoucemontagne.com\/booking\/#breadcrumb","itemListElement":[{"@type":"ListItem","position":1,"name":"Home","item":"https:\/\/ladoucemontagne.com\/"},{"@type":"ListItem","position":2,"name":"Booking"}]},{"@type":"WebSite","@id":"https:\/\/ladoucemontagne.com\/#website","url":"https:\/\/ladoucemontagne.com\/","name":"La Douce Montagne","description":"H\u00f4tel Restaurant Bar","publisher":{"@id":"https:\/\/ladoucemontagne.com\/#organization"},"potentialAction":[{"@type":"SearchAction","target":{"@type":"EntryPoint","urlTemplate":"https:\/\/ladoucemontagne.com\/?s={search_term_string}"},"query-input":{"@type":"PropertyValueSpecification","valueRequired":true,"valueName":"search_term_string"}}],"inLanguage":"fr-FR"},{"@type":"Organization","@id":"https:\/\/ladoucemontagne.com\/#organization","name":"La Douce Montagne","url":"https:\/\/ladoucemontagne.com\/","logo":{"@type":"ImageObject","inLanguage":"fr-FR","@id":"https:\/\/ladoucemontagne.com\/#\/schema\/logo\/image\/","url":"https:\/\/ladoucemontagne.com\/wp-content\/uploads\/2026\/01\/cropped-Logo-La-Douce-Montagne-No-Tagline-Colors.png","contentUrl":"https:\/\/ladoucemontagne.com\/wp-content\/uploads\/2026\/01\/cropped-Logo-La-Douce-Montagne-No-Tagline-Colors.png","width":969,"height":249,"caption":"La Douce Montagne"},"image":{"@id":"https:\/\/ladoucemontagne.com\/#\/schema\/logo\/image\/"}}]}},"_links":{"self":[{"href":"https:\/\/ladoucemontagne.com\/fr\/wp-json\/wp\/v2\/pages\/53","targetHints":{"allow":["GET"]}}],"collection":[{"href":"https:\/\/ladoucemontagne.com\/fr\/wp-json\/wp\/v2\/pages"}],"about":[{"href":"https:\/\/ladoucemontagne.com\/fr\/wp-json\/wp\/v2\/types\/page"}],"author":[{"embeddable":true,"href":"https:\/\/ladoucemontagne.com\/fr\/wp-json\/wp\/v2\/users\/1"}],"replies":[{"embeddable":true,"href":"https:\/\/ladoucemontagne.com\/fr\/wp-json\/wp\/v2\/comments?post=53"}],"version-history":[{"count":32,"href":"https:\/\/ladoucemontagne.com\/fr\/wp-json\/wp\/v2\/pages\/53\/revisions"}],"predecessor-version":[{"id":1835,"href":"https:\/\/ladoucemontagne.com\/fr\/wp-json\/wp\/v2\/pages\/53\/revisions\/1835"}],"wp:attachment":[{"href":"https:\/\/ladoucemontagne.com\/fr\/wp-json\/wp\/v2\/media?parent=53"}],"curies":[{"name":"wp","href":"https:\/\/api.w.org\/{rel}","templated":true}]}}