{"id":58,"date":"2021-12-23T22:59:42","date_gmt":"2021-12-24T06:59:42","guid":{"rendered":"https:\/\/import.themovation.com\/bellevue2\/chalet2\/?page_id=638"},"modified":"2026-04-19T14:41:56","modified_gmt":"2026-04-19T12:41:56","slug":"blog","status":"publish","type":"page","link":"https:\/\/ladoucemontagne.com\/fr\/blog\/","title":{"rendered":"Blog La Douce Montagne"},"content":{"rendered":"<div data-elementor-type=\"wp-page\" data-elementor-id=\"58\" class=\"elementor elementor-58\">\n\t\t\t\t\t\t<section class=\"elementor-section elementor-top-section elementor-element elementor-element-7f2a502b elementor-section-height-min-height elementor-section-boxed elementor-section-height-default elementor-section-items-middle\" data-id=\"7f2a502b\" data-element_type=\"section\" data-e-type=\"section\" data-settings=\"{&quot;background_background&quot;:&quot;classic&quot;}\">\n\t\t\t\t\t\t\t<div class=\"elementor-background-overlay\"><\/div>\n\t\t\t\t\t\t\t<div class=\"elementor-container elementor-column-gap-default\">\n\t\t\t\t\t<div class=\"elementor-column elementor-col-100 elementor-top-column elementor-element elementor-element-567f3a5c\" data-id=\"567f3a5c\" data-element_type=\"column\" data-e-type=\"column\">\n\t\t\t<div class=\"elementor-widget-wrap elementor-element-populated\">\n\t\t\t\t\t\t<div class=\"elementor-element elementor-element-63dccc27 elementor-view-default elementor-position-top elementor-widget elementor-widget-themo-header\" data-id=\"63dccc27\" data-element_type=\"widget\" data-e-type=\"widget\" data-widget_type=\"themo-header.default\">\n\t\t\t\t<div class=\"elementor-widget-container\">\n\t\t\t\t\t\t\t<div class=\"th-header-wrap\">\n        <div class=\"elementor-icon-box-wrapper\">\n                            <div class=\"elementor-icon-box-content\">\n                    <h1 class=\"elementor-icon-box-title\">\n                        Blog                    <\/h1>\n                                            <span class=\"th-header-divider\"><\/span>\n                                        <p class=\"elementor-icon-box-description\">D\u00e9couvrez Allemond et ses environs \u00e0 travers des conseils locaux, guides et r\u00e9cits. Trouvez l\u2019inspiration pour votre prochain s\u00e9jour dans les Alpes fran\u00e7aises.<\/p>\n\n                                    <\/div>\n            <\/div>\n\n        <\/div>\n\n\t\t\t\t\t\t<\/div>\n\t\t\t\t<\/div>\n\t\t\t\t\t<\/div>\n\t\t<\/div>\n\t\t\t\t\t<\/div>\n\t\t<\/section>\n\t\t\t\t<section class=\"elementor-section elementor-top-section elementor-element elementor-element-5f87345c elementor-section-boxed elementor-section-height-default elementor-section-height-default\" data-id=\"5f87345c\" data-element_type=\"section\" data-e-type=\"section\" data-settings=\"{&quot;background_background&quot;:&quot;classic&quot;}\">\n\t\t\t\t\t\t<div class=\"elementor-container elementor-column-gap-default\">\n\t\t\t\t\t<div class=\"elementor-column elementor-col-100 elementor-top-column elementor-element elementor-element-5e7319a4\" data-id=\"5e7319a4\" data-element_type=\"column\" data-e-type=\"column\">\n\t\t\t<div class=\"elementor-widget-wrap elementor-element-populated\">\n\t\t\t\t\t\t<div class=\"elementor-element elementor-element-370a6b6a elementor-widget elementor-widget-themo-blog\" data-id=\"370a6b6a\" data-element_type=\"widget\" data-e-type=\"widget\" data-widget_type=\"themo-blog.default\">\n\t\t\t\t<div class=\"elementor-widget-container\">\n\t\t\t\t\t\n                                <div class=\"thmv-blog-post thmv-post-styl-1 thmv-col-3 image-alignment-\">\n                                                <div class=\"thmv-column image-alignment-\">\n                                                       <div class=\"thmv-grid-img\">\n                                <a href=\"https:\/\/ladoucemontagne.com\/fr\/2026\/04\/19\/top-5-road-cycling-routes-in-oisans\/\"><img fetchpriority=\"high\" decoding=\"async\" width=\"605\" height=\"465\" src=\"https:\/\/ladoucemontagne.com\/wp-content\/uploads\/2026\/02\/Col-Galibier-Douce-Montagne-1-605x465.jpg\" class=\"attachment-th_img_md_landscape size-th_img_md_landscape wp-image-915\" alt=\"\" srcset=\"https:\/\/ladoucemontagne.com\/wp-content\/uploads\/2026\/02\/Col-Galibier-Douce-Montagne-1-605x465.jpg 605w, https:\/\/ladoucemontagne.com\/wp-content\/uploads\/2026\/02\/Col-Galibier-Douce-Montagne-1-394x303.jpg 394w\" sizes=\"(max-width: 605px) 100vw, 605px\" \/><\/a>\n                            <\/div>\n                                                        <div class=\"thmv-info mas-blog-post\">\n                                                                <div class=\"thmv-subheading\">\n                                                                                                             <span class=\"thmv-date\">19 avril 2026<\/span>\n                                                                                                            <hr class=\"thmv-separator\">\n                                                                    <\/div>\n                                                                \n                                <h3 class=\"post-title\"><a href=\"https:\/\/ladoucemontagne.com\/fr\/2026\/04\/19\/top-5-road-cycling-routes-in-oisans\/\">Les 5 meilleurs parcours de cyclisme sur route dans l'Oisans<\/a><\/h3>\n                                <div class=\"entry-content\"><p>La r\u00e9gion de l'Oisans est un v\u00e9ritable terrain de jeu pour les passionn\u00e9s de v\u00e9lo de route. Des cols mythiques aux routes plus tranquilles de vall\u00e9e, chaque sortie offre une exp\u00e9rience unique, que l'on recherche la performance ou simplement le plaisir du paysage. Voici cinq de nos itin\u00e9raires pr\u00e9f\u00e9r\u00e9s\u2026<\/p><\/div>\n                                <a class=\"thmv-learn-btn thmv-w-100\" href=\"https:\/\/ladoucemontagne.com\/fr\/2026\/04\/19\/top-5-road-cycling-routes-in-oisans\/\">Read More                                                                         <svg width=\"19\" height=\"10\" viewbox=\"0 0 19 10\" fill=\"none\" xmlns=\"http:\/\/www.w3.org\/2000\/svg\">\n                                        <path d=\"M18.4596 5.45962C18.7135 5.20578 18.7135 4.79422 18.4596 4.54038L14.323 0.403807C14.0692 0.149967 13.6576 0.149966 13.4038 0.403807C13.15 0.657648 13.15 1.06921 13.4038 1.32305L17.0808 5L13.4038 8.67696C13.15 8.9308 13.15 9.34235 13.4038 9.59619C13.6576 9.85004 14.0692 9.85004 14.323 9.5962L18.4596 5.45962ZM-5.68248e-08 5.65L18 5.65L18 4.35L5.68248e-08 4.35L-5.68248e-08 5.65Z\" fill=\"#191B18\"\/>\n                                    <\/svg>\n                                                                                                         <\/a>\n                            <\/div>\n                        <\/div>\n                                                <div class=\"thmv-column image-alignment-\">\n                                                       <div class=\"thmv-grid-img\">\n                                <a href=\"https:\/\/ladoucemontagne.com\/fr\/2026\/02\/17\/tour-de-france-la-douce-montagne\/\"><img decoding=\"async\" width=\"605\" height=\"465\" src=\"https:\/\/ladoucemontagne.com\/wp-content\/uploads\/2026\/01\/La-Douce-Montagne-Ete-Hotel-605x465.jpg\" class=\"attachment-th_img_md_landscape size-th_img_md_landscape wp-image-301\" alt=\"\" srcset=\"https:\/\/ladoucemontagne.com\/wp-content\/uploads\/2026\/01\/La-Douce-Montagne-Ete-Hotel-605x465.jpg 605w, https:\/\/ladoucemontagne.com\/wp-content\/uploads\/2026\/01\/La-Douce-Montagne-Ete-Hotel-394x303.jpg 394w, https:\/\/ladoucemontagne.com\/wp-content\/uploads\/2026\/01\/La-Douce-Montagne-Ete-Hotel-54x42.jpg 54w\" sizes=\"(max-width: 605px) 100vw, 605px\" \/><\/a>\n                            <\/div>\n                                                        <div class=\"thmv-info mas-blog-post\">\n                                                                <div class=\"thmv-subheading\">\n                                                                                                             <span class=\"thmv-date\">17 f\u00e9vrier 2026<\/span>\n                                                                                                            <hr class=\"thmv-separator\">\n                                                                    <\/div>\n                                                                \n                                <h3 class=\"post-title\"><a href=\"https:\/\/ladoucemontagne.com\/fr\/2026\/02\/17\/tour-de-france-la-douce-montagne\/\">Le Tour de France passe juste devant La Douce Montagne<\/a><\/h3>\n                                <div class=\"entry-content\"><p>Cet \u00e9t\u00e9, un \u00e9v\u00e9nement exceptionnel se d\u00e9roule \u00e0 Allemond. Le Tour de France, la course cycliste la plus embl\u00e9matique au monde, passera juste devant La Douce Montagne. Un moment rare, et une exp\u00e9rience inoubliable \u00e0 vivre au premier rang. \u2026<\/p><\/div>\n                                <a class=\"thmv-learn-btn thmv-w-100\" href=\"https:\/\/ladoucemontagne.com\/fr\/2026\/02\/17\/tour-de-france-la-douce-montagne\/\">Read More                                                                         <svg width=\"19\" height=\"10\" viewbox=\"0 0 19 10\" fill=\"none\" xmlns=\"http:\/\/www.w3.org\/2000\/svg\">\n                                        <path d=\"M18.4596 5.45962C18.7135 5.20578 18.7135 4.79422 18.4596 4.54038L14.323 0.403807C14.0692 0.149967 13.6576 0.149966 13.4038 0.403807C13.15 0.657648 13.15 1.06921 13.4038 1.32305L17.0808 5L13.4038 8.67696C13.15 8.9308 13.15 9.34235 13.4038 9.59619C13.6576 9.85004 14.0692 9.85004 14.323 9.5962L18.4596 5.45962ZM-5.68248e-08 5.65L18 5.65L18 4.35L5.68248e-08 4.35L-5.68248e-08 5.65Z\" fill=\"#191B18\"\/>\n                                    <\/svg>\n                                                                                                         <\/a>\n                            <\/div>\n                        <\/div>\n                                            <\/div>\n                                        <!--- Post-style-1 start end--->\n                \t\t\t\t<\/div>\n\t\t\t\t<\/div>\n\t\t\t\t\t<\/div>\n\t\t<\/div>\n\t\t\t\t\t<\/div>\n\t\t<\/section>\n\t\t\t\t<section class=\"elementor-section elementor-top-section elementor-element elementor-element-4411cb1f elementor-section-boxed elementor-section-height-default elementor-section-height-default\" data-id=\"4411cb1f\" data-element_type=\"section\" data-e-type=\"section\" data-settings=\"{&quot;background_background&quot;:&quot;classic&quot;}\">\n\t\t\t\t\t\t<div class=\"elementor-container elementor-column-gap-default\">\n\t\t\t\t\t<div class=\"elementor-column elementor-col-100 elementor-top-column elementor-element elementor-element-612fe988\" data-id=\"612fe988\" data-element_type=\"column\" data-e-type=\"column\">\n\t\t\t<div class=\"elementor-widget-wrap elementor-element-populated\">\n\t\t\t\t\t\t<div class=\"elementor-element elementor-element-73f14a9f elementor-align-center elementor-tablet-align-center elementor-widget elementor-widget-button\" data-id=\"73f14a9f\" data-element_type=\"widget\" data-e-type=\"widget\" data-widget_type=\"button.default\">\n\t\t\t\t<div class=\"elementor-widget-container\">\n\t\t\t\t\t\t\t\t\t<div class=\"elementor-button-wrapper\">\n\t\t\t\t\t<a class=\"elementor-button elementor-button-link elementor-size-sm\" href=\"#booking\">\n\t\t\t\t\t\t<span class=\"elementor-button-content-wrapper\">\n\t\t\t\t\t\t\t\t\t<span class=\"elementor-button-text\">Plus d'articles<\/span>\n\t\t\t\t\t<\/span>\n\t\t\t\t\t<\/a>\n\t\t\t\t<\/div>\n\t\t\t\t\t\t\t\t<\/div>\n\t\t\t\t<\/div>\n\t\t\t\t\t<\/div>\n\t\t<\/div>\n\t\t\t\t\t<\/div>\n\t\t<\/section>\n\t\t\t\t<\/div>","protected":false},"excerpt":{"rendered":"<p>Blog Explore Allemond and the area through local tips, guides and stories. Get inspired for your next stay in the French Alps. 19 April 2026 Top 5 road cycling routes in Oisans The Oisans region is a true playground for &hellip; <a href=\"https:\/\/ladoucemontagne.com\/fr\/2026\/02\/17\/tour-de-france-la-douce-montagne\/\">Read More<\/a><\/p>","protected":false},"author":1,"featured_media":0,"parent":0,"menu_order":23,"comment_status":"closed","ping_status":"closed","template":"","meta":{"footnotes":""},"class_list":["post-58","page","type-page","status-publish","hentry"],"yoast_head":"<!-- This site is optimized with the Yoast SEO plugin v27.6 - https:\/\/yoast.com\/product\/yoast-seo-wordpress\/ -->\n<title>Blog La Douce Montagne - La Douce Montagne<\/title>\n<meta name=\"description\" content=\"Explore Allemond and the area through local tips, guides and stories. Get inspired for your next stay in the French Alps.\" \/>\n<meta name=\"robots\" content=\"index, follow, max-snippet:-1, max-image-preview:large, max-video-preview:-1\" \/>\n<link rel=\"canonical\" href=\"https:\/\/ladoucemontagne.com\/fr\/blog\/\" \/>\n<meta property=\"og:locale\" content=\"fr_FR\" \/>\n<meta property=\"og:type\" content=\"article\" \/>\n<meta property=\"og:title\" content=\"Blog La Douce Montagne - La Douce Montagne\" \/>\n<meta property=\"og:description\" content=\"Explore Allemond and the area through local tips, guides and stories. Get inspired for your next stay in the French Alps.\" \/>\n<meta property=\"og:url\" content=\"https:\/\/ladoucemontagne.com\/fr\/blog\/\" \/>\n<meta property=\"og:site_name\" content=\"La Douce Montagne\" \/>\n<meta property=\"article:modified_time\" content=\"2026-04-19T12:41:56+00:00\" \/>\n<meta property=\"og:image\" content=\"https:\/\/ladoucemontagne.com\/wp-content\/uploads\/2026\/02\/Col-Galibier-Douce-Montagne-1.jpg\" \/>\n\t<meta property=\"og:image:width\" content=\"622\" \/>\n\t<meta property=\"og:image:height\" content=\"691\" \/>\n\t<meta property=\"og:image:type\" content=\"image\/jpeg\" \/>\n<meta name=\"twitter:card\" content=\"summary_large_image\" \/>\n<meta name=\"twitter:label1\" content=\"Dur\u00e9e de lecture estim\u00e9e\" \/>\n\t<meta name=\"twitter:data1\" content=\"2 minutes\" \/>\n<script type=\"application\/ld+json\" class=\"yoast-schema-graph\">{\"@context\":\"https:\\\/\\\/schema.org\",\"@graph\":[{\"@type\":\"WebPage\",\"@id\":\"https:\\\/\\\/ladoucemontagne.com\\\/blog\\\/\",\"url\":\"https:\\\/\\\/ladoucemontagne.com\\\/blog\\\/\",\"name\":\"Blog La Douce Montagne - La Douce Montagne\",\"isPartOf\":{\"@id\":\"https:\\\/\\\/ladoucemontagne.com\\\/#website\"},\"primaryImageOfPage\":{\"@id\":\"https:\\\/\\\/ladoucemontagne.com\\\/blog\\\/#primaryimage\"},\"image\":{\"@id\":\"https:\\\/\\\/ladoucemontagne.com\\\/blog\\\/#primaryimage\"},\"thumbnailUrl\":\"https:\\\/\\\/ladoucemontagne.com\\\/wp-content\\\/uploads\\\/2026\\\/02\\\/Col-Galibier-Douce-Montagne-1-605x465.jpg\",\"datePublished\":\"2021-12-24T06:59:42+00:00\",\"dateModified\":\"2026-04-19T12:41:56+00:00\",\"description\":\"Explore Allemond and the area through local tips, guides and stories. Get inspired for your next stay in the French Alps.\",\"breadcrumb\":{\"@id\":\"https:\\\/\\\/ladoucemontagne.com\\\/blog\\\/#breadcrumb\"},\"inLanguage\":\"fr-FR\",\"potentialAction\":[{\"@type\":\"ReadAction\",\"target\":[\"https:\\\/\\\/ladoucemontagne.com\\\/blog\\\/\"]}]},{\"@type\":\"ImageObject\",\"inLanguage\":\"fr-FR\",\"@id\":\"https:\\\/\\\/ladoucemontagne.com\\\/blog\\\/#primaryimage\",\"url\":\"https:\\\/\\\/ladoucemontagne.com\\\/wp-content\\\/uploads\\\/2026\\\/02\\\/Col-Galibier-Douce-Montagne-1-605x465.jpg\",\"contentUrl\":\"https:\\\/\\\/ladoucemontagne.com\\\/wp-content\\\/uploads\\\/2026\\\/02\\\/Col-Galibier-Douce-Montagne-1-605x465.jpg\"},{\"@type\":\"BreadcrumbList\",\"@id\":\"https:\\\/\\\/ladoucemontagne.com\\\/blog\\\/#breadcrumb\",\"itemListElement\":[{\"@type\":\"ListItem\",\"position\":1,\"name\":\"Home\",\"item\":\"https:\\\/\\\/ladoucemontagne.com\\\/\"},{\"@type\":\"ListItem\",\"position\":2,\"name\":\"Blog La Douce Montagne\"}]},{\"@type\":\"WebSite\",\"@id\":\"https:\\\/\\\/ladoucemontagne.com\\\/#website\",\"url\":\"https:\\\/\\\/ladoucemontagne.com\\\/\",\"name\":\"La Douce Montagne\",\"description\":\"Hotel Restaurant Bar\",\"publisher\":{\"@id\":\"https:\\\/\\\/ladoucemontagne.com\\\/#organization\"},\"potentialAction\":[{\"@type\":\"SearchAction\",\"target\":{\"@type\":\"EntryPoint\",\"urlTemplate\":\"https:\\\/\\\/ladoucemontagne.com\\\/?s={search_term_string}\"},\"query-input\":{\"@type\":\"PropertyValueSpecification\",\"valueRequired\":true,\"valueName\":\"search_term_string\"}}],\"inLanguage\":\"fr-FR\"},{\"@type\":\"Organization\",\"@id\":\"https:\\\/\\\/ladoucemontagne.com\\\/#organization\",\"name\":\"La Douce Montagne\",\"url\":\"https:\\\/\\\/ladoucemontagne.com\\\/\",\"logo\":{\"@type\":\"ImageObject\",\"inLanguage\":\"fr-FR\",\"@id\":\"https:\\\/\\\/ladoucemontagne.com\\\/#\\\/schema\\\/logo\\\/image\\\/\",\"url\":\"https:\\\/\\\/ladoucemontagne.com\\\/wp-content\\\/uploads\\\/2026\\\/01\\\/cropped-Logo-La-Douce-Montagne-No-Tagline-Colors.png\",\"contentUrl\":\"https:\\\/\\\/ladoucemontagne.com\\\/wp-content\\\/uploads\\\/2026\\\/01\\\/cropped-Logo-La-Douce-Montagne-No-Tagline-Colors.png\",\"width\":969,\"height\":249,\"caption\":\"La Douce Montagne\"},\"image\":{\"@id\":\"https:\\\/\\\/ladoucemontagne.com\\\/#\\\/schema\\\/logo\\\/image\\\/\"}}]}<\/script>\n<!-- \/ Yoast SEO plugin. -->","yoast_head_json":{"title":"Blog La Douce Montagne - La Douce Montagne","description":"D\u00e9couvrez Allemond et ses environs \u00e0 travers des conseils locaux, guides et r\u00e9cits. Trouvez l\u2019inspiration pour votre prochain s\u00e9jour dans les Alpes fran\u00e7aises.","robots":{"index":"index","follow":"follow","max-snippet":"max-snippet:-1","max-image-preview":"max-image-preview:large","max-video-preview":"max-video-preview:-1"},"canonical":"https:\/\/ladoucemontagne.com\/fr\/blog\/","og_locale":"fr_FR","og_type":"article","og_title":"Blog La Douce Montagne - La Douce Montagne","og_description":"Explore Allemond and the area through local tips, guides and stories. Get inspired for your next stay in the French Alps.","og_url":"https:\/\/ladoucemontagne.com\/fr\/blog\/","og_site_name":"La Douce Montagne","article_modified_time":"2026-04-19T12:41:56+00:00","og_image":[{"width":622,"height":691,"url":"https:\/\/ladoucemontagne.com\/wp-content\/uploads\/2026\/02\/Col-Galibier-Douce-Montagne-1.jpg","type":"image\/jpeg"}],"twitter_card":"summary_large_image","twitter_misc":{"Dur\u00e9e de lecture estim\u00e9e":"2 minutes"},"schema":{"@context":"https:\/\/schema.org","@graph":[{"@type":"WebPage","@id":"https:\/\/ladoucemontagne.com\/blog\/","url":"https:\/\/ladoucemontagne.com\/blog\/","name":"Blog La Douce Montagne - La Douce Montagne","isPartOf":{"@id":"https:\/\/ladoucemontagne.com\/#website"},"primaryImageOfPage":{"@id":"https:\/\/ladoucemontagne.com\/blog\/#primaryimage"},"image":{"@id":"https:\/\/ladoucemontagne.com\/blog\/#primaryimage"},"thumbnailUrl":"https:\/\/ladoucemontagne.com\/wp-content\/uploads\/2026\/02\/Col-Galibier-Douce-Montagne-1-605x465.jpg","datePublished":"2021-12-24T06:59:42+00:00","dateModified":"2026-04-19T12:41:56+00:00","description":"D\u00e9couvrez Allemond et ses environs \u00e0 travers des conseils locaux, guides et r\u00e9cits. Trouvez l\u2019inspiration pour votre prochain s\u00e9jour dans les Alpes fran\u00e7aises.","breadcrumb":{"@id":"https:\/\/ladoucemontagne.com\/blog\/#breadcrumb"},"inLanguage":"fr-FR","potentialAction":[{"@type":"ReadAction","target":["https:\/\/ladoucemontagne.com\/blog\/"]}]},{"@type":"ImageObject","inLanguage":"fr-FR","@id":"https:\/\/ladoucemontagne.com\/blog\/#primaryimage","url":"https:\/\/ladoucemontagne.com\/wp-content\/uploads\/2026\/02\/Col-Galibier-Douce-Montagne-1-605x465.jpg","contentUrl":"https:\/\/ladoucemontagne.com\/wp-content\/uploads\/2026\/02\/Col-Galibier-Douce-Montagne-1-605x465.jpg"},{"@type":"BreadcrumbList","@id":"https:\/\/ladoucemontagne.com\/blog\/#breadcrumb","itemListElement":[{"@type":"ListItem","position":1,"name":"Home","item":"https:\/\/ladoucemontagne.com\/"},{"@type":"ListItem","position":2,"name":"Blog La Douce Montagne"}]},{"@type":"WebSite","@id":"https:\/\/ladoucemontagne.com\/#website","url":"https:\/\/ladoucemontagne.com\/","name":"La Douce Montagne","description":"H\u00f4tel Restaurant Bar","publisher":{"@id":"https:\/\/ladoucemontagne.com\/#organization"},"potentialAction":[{"@type":"SearchAction","target":{"@type":"EntryPoint","urlTemplate":"https:\/\/ladoucemontagne.com\/?s={search_term_string}"},"query-input":{"@type":"PropertyValueSpecification","valueRequired":true,"valueName":"search_term_string"}}],"inLanguage":"fr-FR"},{"@type":"Organization","@id":"https:\/\/ladoucemontagne.com\/#organization","name":"La Douce Montagne","url":"https:\/\/ladoucemontagne.com\/","logo":{"@type":"ImageObject","inLanguage":"fr-FR","@id":"https:\/\/ladoucemontagne.com\/#\/schema\/logo\/image\/","url":"https:\/\/ladoucemontagne.com\/wp-content\/uploads\/2026\/01\/cropped-Logo-La-Douce-Montagne-No-Tagline-Colors.png","contentUrl":"https:\/\/ladoucemontagne.com\/wp-content\/uploads\/2026\/01\/cropped-Logo-La-Douce-Montagne-No-Tagline-Colors.png","width":969,"height":249,"caption":"La Douce Montagne"},"image":{"@id":"https:\/\/ladoucemontagne.com\/#\/schema\/logo\/image\/"}}]}},"_links":{"self":[{"href":"https:\/\/ladoucemontagne.com\/fr\/wp-json\/wp\/v2\/pages\/58","targetHints":{"allow":["GET"]}}],"collection":[{"href":"https:\/\/ladoucemontagne.com\/fr\/wp-json\/wp\/v2\/pages"}],"about":[{"href":"https:\/\/ladoucemontagne.com\/fr\/wp-json\/wp\/v2\/types\/page"}],"author":[{"embeddable":true,"href":"https:\/\/ladoucemontagne.com\/fr\/wp-json\/wp\/v2\/users\/1"}],"replies":[{"embeddable":true,"href":"https:\/\/ladoucemontagne.com\/fr\/wp-json\/wp\/v2\/comments?post=58"}],"version-history":[{"count":19,"href":"https:\/\/ladoucemontagne.com\/fr\/wp-json\/wp\/v2\/pages\/58\/revisions"}],"predecessor-version":[{"id":1601,"href":"https:\/\/ladoucemontagne.com\/fr\/wp-json\/wp\/v2\/pages\/58\/revisions\/1601"}],"wp:attachment":[{"href":"https:\/\/ladoucemontagne.com\/fr\/wp-json\/wp\/v2\/media?parent=58"}],"curies":[{"name":"wp","href":"https:\/\/api.w.org\/{rel}","templated":true}]}}